{"id":194,"date":"2026-03-11T00:47:40","date_gmt":"2026-03-11T00:47:40","guid":{"rendered":"https:\/\/www.ivosolutions.fr\/?page_id=194"},"modified":"2026-03-11T14:00:29","modified_gmt":"2026-03-11T14:00:29","slug":"accueil","status":"publish","type":"page","link":"https:\/\/www.ivosolutions.fr\/","title":{"rendered":"Accueil"},"content":{"rendered":"\n<div class=\"wp-block-group alignfull has-global-padding is-layout-constrained wp-container-core-group-is-layout-490fa1db wp-block-group-is-layout-constrained\" style=\"padding-top:var(--wp--preset--spacing--50);padding-right:var(--wp--preset--spacing--50);padding-bottom:var(--wp--preset--spacing--50);padding-left:var(--wp--preset--spacing--50)\">\n<div class=\"wp-block-group has-global-padding is-layout-constrained wp-container-core-group-is-layout-650790e1 wp-block-group-is-layout-constrained\">\n<h1 class=\"wp-block-heading alignfull has-text-align-center has-x-large-font-size\">Naturopathe Hygionomiste\u24c7<br>&#8211;<br>\u00c9ducatrice de Sant\u00e9<\/h1>\n\n\n\n<div style=\"height:1.25rem\" aria-hidden=\"true\" class=\"wp-block-spacer\"><\/div>\n\n\n\n<p class=\"has-text-align-center\">Cabinet Bouvesse-Quirieu &amp; Visio<\/p>\n\n\n\n<div style=\"height:1.25rem\" aria-hidden=\"true\" class=\"wp-block-spacer\"><\/div>\n\n\n\n<div class=\"wp-block-buttons is-content-justification-center is-layout-flex wp-container-core-buttons-is-layout-a89b3969 wp-block-buttons-is-layout-flex\">\n<div class=\"wp-block-button\"><a class=\"wp-block-button__link wp-element-button\" href=\"https:\/\/calendly.com\/stepbystep-ivosolutions\/45min\">Prendre rendez-vous<\/a><\/div>\n<\/div>\n<\/div>\n\n\n\n<div style=\"height:var(--wp--preset--spacing--30)\" aria-hidden=\"true\" class=\"wp-block-spacer\"><\/div>\n\n\n\n<figure class=\"wp-block-image alignwide size-full is-style-rounded is-style-rounded--1\"><img loading=\"lazy\" decoding=\"async\" width=\"1738\" height=\"1934\" src=\"https:\/\/www.ivosolutions.fr\/wp-content\/uploads\/2026\/03\/BUREAU-ELODIE-DUTHILLEUL-2.png\" alt=\"\" class=\"wp-image-218\" srcset=\"https:\/\/www.ivosolutions.fr\/wp-content\/uploads\/2026\/03\/BUREAU-ELODIE-DUTHILLEUL-2.png 1738w, https:\/\/www.ivosolutions.fr\/wp-content\/uploads\/2026\/03\/BUREAU-ELODIE-DUTHILLEUL-2-270x300.png 270w, https:\/\/www.ivosolutions.fr\/wp-content\/uploads\/2026\/03\/BUREAU-ELODIE-DUTHILLEUL-2-920x1024.png 920w, https:\/\/www.ivosolutions.fr\/wp-content\/uploads\/2026\/03\/BUREAU-ELODIE-DUTHILLEUL-2-768x855.png 768w, https:\/\/www.ivosolutions.fr\/wp-content\/uploads\/2026\/03\/BUREAU-ELODIE-DUTHILLEUL-2-1380x1536.png 1380w\" sizes=\"auto, (max-width: 1738px) 100vw, 1738px\" \/><\/figure>\n<\/div>\n\n\n\n<div class=\"wp-block-group alignfull has-base-2-background-color has-background has-global-padding is-layout-constrained wp-container-core-group-is-layout-669513ed wp-block-group-is-layout-constrained\" style=\"margin-top:0;margin-bottom:0;padding-top:var(--wp--preset--spacing--50);padding-right:var(--wp--preset--spacing--50);padding-bottom:var(--wp--preset--spacing--50);padding-left:var(--wp--preset--spacing--50)\">\n<div class=\"wp-block-group is-vertical is-content-justification-center is-layout-flex wp-container-core-group-is-layout-52b864f0 wp-block-group-is-layout-flex\">\n<h1 class=\"wp-block-heading has-text-align-center is-style-asterisk\">3 \u00c9tapes pour transformer votre VITALIT\u00c9<\/h1>\n\n\n\n<div style=\"height:0px\" aria-hidden=\"true\" class=\"wp-block-spacer wp-container-content-4f2ccadb\"><\/div>\n\n\n\n<p class=\"has-text-align-center\">&#8220;La&nbsp;Naturopathie&nbsp;est un ensemble de m\u00e9thodes de soins visant \u00e0 renforcer les d\u00e9fenses de l&#8217;organisme par des moyens consid\u00e9r\u00e9s comme naturels et biologiques \u00bb.<\/p>\n\n\n\n<p class=\"has-text-align-center\">OMS\u00a0(Organisation Mondiale de la Sant\u00e9)<\/p>\n<\/div>\n\n\n\n<p><\/p>\n\n\n\n<div class=\"wp-block-columns alignwide is-layout-flex wp-container-core-columns-is-layout-d0bbbce0 wp-block-columns-is-layout-flex\">\n<div class=\"wp-block-column is-layout-flow wp-container-core-column-is-layout-e3d1c41b wp-block-column-is-layout-flow\">\n<h3 class=\"wp-block-heading has-text-align-left is-style-asterisk has-body-font-family has-medium-font-size\" style=\"font-style:normal;font-weight:600\">D\u00e9couverte <\/h3>\n\n\n\n<p class=\"has-text-align-left\">Une analyse simple pour comprendre votre biologie unique.<\/p>\n<\/div>\n\n\n\n<div class=\"wp-block-column is-layout-flow wp-container-core-column-is-layout-e3d1c41b wp-block-column-is-layout-flow\">\n<h3 class=\"wp-block-heading has-text-align-left is-style-asterisk has-body-font-family has-medium-font-size\" style=\"font-style:normal;font-weight:600\">Plan d&#8217;Action<\/h3>\n\n\n\n<p class=\"has-text-align-left\">Votre programme personnalis\u00e9 pour une vitalit\u00e9 optimale.<\/p>\n<\/div>\n\n\n\n<div class=\"wp-block-column is-layout-flow wp-container-core-column-is-layout-e3d1c41b wp-block-column-is-layout-flow\">\n<h3 class=\"wp-block-heading has-text-align-left is-style-asterisk has-body-font-family has-medium-font-size\" style=\"font-style:normal;font-weight:600\">Suivi Intelligent<\/h3>\n\n\n\n<p class=\"has-text-align-left\">Votre score IVO\u24c7 (Indice de Vitalit\u00e9 Optimale) pour vos progr\u00e8s quotidiens avec l&#8217;app \ud83d\udc9aStep by Step. <\/p>\n<\/div>\n<\/div>\n<\/div>\n\n\n\n<div class=\"wp-block-group alignfull has-global-padding is-layout-constrained wp-container-core-group-is-layout-d89aad35 wp-block-group-is-layout-constrained\" style=\"margin-top:0;margin-bottom:0;padding-top:var(--wp--preset--spacing--50);padding-right:var(--wp--preset--spacing--50);padding-bottom:var(--wp--preset--spacing--50);padding-left:var(--wp--preset--spacing--50)\">\n<div class=\"wp-block-group alignwide has-global-padding is-layout-constrained wp-container-core-group-is-layout-19e250f3 wp-block-group-is-layout-constrained\">\n<div class=\"wp-block-group is-vertical is-content-justification-center is-layout-flex wp-container-core-group-is-layout-6329a8f3 wp-block-group-is-layout-flex\">\n<h1 class=\"wp-block-heading has-text-align-center is-style-asterisk\">Services<\/h1>\n\n\n\n<p class=\"has-text-align-center\">&#8220;Une approche globale et personnalis\u00e9e pour transformer votre sant\u00e9 et atteindre votre vitalit\u00e9 optimale, \u00e9tape par \u00e9tape.&#8221;<\/p>\n<\/div>\n\n\n\n<div style=\"height:var(--wp--preset--spacing--40)\" aria-hidden=\"true\" class=\"wp-block-spacer\"><\/div>\n\n\n\n<div class=\"wp-block-columns alignwide is-layout-flex wp-container-core-columns-is-layout-d1c656ed wp-block-columns-is-layout-flex\">\n<div class=\"wp-block-column is-vertically-aligned-center is-layout-flow wp-block-column-is-layout-flow\" style=\"flex-basis:40%\">\n<h3 class=\"wp-block-heading is-style-asterisk\">Changez votre qualit\u00e9 de vie<\/h3>\n\n\n\n<ul style=\"line-height:1.75\" class=\"wp-block-list is-style-checkmark-list\">\n<li>Accompagnement Vie Saine<\/li>\n\n\n\n<li>Optimisation des Performances<\/li>\n\n\n\n<li>Formation &#8220;Prendre soin de soi naturellement&#8221;<\/li>\n<\/ul>\n<\/div>\n\n\n\n<div class=\"wp-block-column is-layout-flow wp-block-column-is-layout-flow\" style=\"flex-basis:50%\">\n<figure class=\"wp-block-image size-large is-style-rounded is-style-rounded--2\"><img loading=\"lazy\" decoding=\"async\" width=\"1024\" height=\"679\" src=\"https:\/\/www.ivosolutions.fr\/wp-content\/uploads\/2026\/03\/Capture-decran-2026-03-11-a-14.00.29-1024x679.png\" alt=\"\" class=\"wp-image-224\" srcset=\"https:\/\/www.ivosolutions.fr\/wp-content\/uploads\/2026\/03\/Capture-decran-2026-03-11-a-14.00.29-1024x679.png 1024w, https:\/\/www.ivosolutions.fr\/wp-content\/uploads\/2026\/03\/Capture-decran-2026-03-11-a-14.00.29-300x199.png 300w, https:\/\/www.ivosolutions.fr\/wp-content\/uploads\/2026\/03\/Capture-decran-2026-03-11-a-14.00.29-768x509.png 768w, https:\/\/www.ivosolutions.fr\/wp-content\/uploads\/2026\/03\/Capture-decran-2026-03-11-a-14.00.29-1536x1019.png 1536w, https:\/\/www.ivosolutions.fr\/wp-content\/uploads\/2026\/03\/Capture-decran-2026-03-11-a-14.00.29-2048x1358.png 2048w\" sizes=\"auto, (max-width: 1024px) 100vw, 1024px\" \/><\/figure>\n<\/div>\n<\/div>\n\n\n\n<div style=\"height:var(--wp--preset--spacing--40)\" aria-hidden=\"true\" class=\"wp-block-spacer\"><\/div>\n\n\n\n<div class=\"wp-block-columns alignwide is-layout-flex wp-container-core-columns-is-layout-d1c656ed wp-block-columns-is-layout-flex\">\n<div class=\"wp-block-column is-layout-flow wp-block-column-is-layout-flow\" style=\"flex-basis:50%\">\n<figure class=\"wp-block-image size-large is-style-rounded is-style-rounded--3\"><img loading=\"lazy\" decoding=\"async\" width=\"1024\" height=\"772\" src=\"https:\/\/www.ivosolutions.fr\/wp-content\/uploads\/2026\/03\/flat-lay-herbs-spices-medicinal-purpose-1-1024x772.jpg\" alt=\"\" class=\"wp-image-223\" srcset=\"https:\/\/www.ivosolutions.fr\/wp-content\/uploads\/2026\/03\/flat-lay-herbs-spices-medicinal-purpose-1-1024x772.jpg 1024w, https:\/\/www.ivosolutions.fr\/wp-content\/uploads\/2026\/03\/flat-lay-herbs-spices-medicinal-purpose-1-300x226.jpg 300w, https:\/\/www.ivosolutions.fr\/wp-content\/uploads\/2026\/03\/flat-lay-herbs-spices-medicinal-purpose-1-768x579.jpg 768w, https:\/\/www.ivosolutions.fr\/wp-content\/uploads\/2026\/03\/flat-lay-herbs-spices-medicinal-purpose-1-1536x1158.jpg 1536w, https:\/\/www.ivosolutions.fr\/wp-content\/uploads\/2026\/03\/flat-lay-herbs-spices-medicinal-purpose-1-2048x1544.jpg 2048w\" sizes=\"auto, (max-width: 1024px) 100vw, 1024px\" \/><\/figure>\n<\/div>\n\n\n\n<div class=\"wp-block-column is-vertically-aligned-center is-layout-flow wp-block-column-is-layout-flow\" style=\"flex-basis:40%\">\n<h3 class=\"wp-block-heading is-style-asterisk\">Reconqu\u00e9rir votre \u00e9nergie<\/h3>\n\n\n\n<ul style=\"line-height:1.75\" class=\"wp-block-list is-style-checkmark-list\">\n<li>Sommeil &amp; R\u00e9cup\u00e9ration<\/li>\n\n\n\n<li>Gestion du Burn-out\/D\u00e9pression<\/li>\n\n\n\n<li>R\u00e9\u00e9quilibrage Alimentaire\/Perte de Poids Saine<\/li>\n<\/ul>\n<\/div>\n<\/div>\n<\/div>\n<\/div>\n\n\n\n<div class=\"wp-block-buttons is-content-justification-center is-layout-flex wp-container-core-buttons-is-layout-a89b3969 wp-block-buttons-is-layout-flex\">\n<div class=\"wp-block-button\"><a class=\"wp-block-button__link wp-element-button\" href=\"https:\/\/calendly.com\/stepbystep-ivosolutions\/45min\">Prendre rendez-vous<\/a><\/div>\n<\/div>\n\n\n\n<p class=\"has-text-align-center\"><em>&#8220;Inclus : Votre acc\u00e8s priv\u00e9 \u00e0 l&#8217;app. \ud83d\udc9aStep by Step<\/em>.&#8221;<\/p>\n\n\n\n<div class=\"wp-block-group alignfull has-base-color has-contrast-background-color has-text-color has-background has-global-padding is-layout-constrained wp-container-core-group-is-layout-ef3d885c wp-block-group-is-layout-constrained\" style=\"margin-top:0;margin-bottom:0;padding-top:var(--wp--preset--spacing--60);padding-right:var(--wp--preset--spacing--60);padding-bottom:var(--wp--preset--spacing--60);padding-left:var(--wp--preset--spacing--60)\">\n<div class=\"wp-block-group has-global-padding is-layout-constrained wp-block-group-is-layout-constrained\">\n<p class=\"has-text-align-center has-base-color has-text-color has-heading-font-family has-x-large-font-size\" style=\"line-height:1.2\">&#8220;La\u00a0Naturopathie\u00a0est un ensemble de m\u00e9thodes de soins visant \u00e0 renforcer les d\u00e9fenses de l&#8217;organisme par des moyens consid\u00e9r\u00e9s comme naturels et biologiques \u00bb.<\/p>\n\n\n\n<div style=\"height:var(--wp--preset--spacing--10)\" aria-hidden=\"true\" class=\"wp-block-spacer\"><\/div>\n\n\n\n<div class=\"wp-block-group is-vertical is-content-justification-center is-nowrap is-layout-flex wp-container-core-group-is-layout-2dc08cea wp-block-group-is-layout-flex\">\n<p class=\"has-text-align-center\" style=\"margin-top:var(--wp--preset--spacing--10);margin-bottom:0\">OMS<\/p>\n\n\n\n<p class=\"has-text-align-center has-contrast-3-color has-text-color has-small-font-size\" style=\"font-style:normal;font-weight:300\">(Organisation Mondiale de la Sant\u00e9)<\/p>\n<\/div>\n<\/div>\n<\/div>\n\n\n\n<div class=\"wp-block-group alignfull has-global-padding is-layout-constrained wp-container-core-group-is-layout-d89aad35 wp-block-group-is-layout-constrained\" style=\"margin-top:0;margin-bottom:0;padding-top:var(--wp--preset--spacing--50);padding-right:var(--wp--preset--spacing--50);padding-bottom:var(--wp--preset--spacing--50);padding-left:var(--wp--preset--spacing--50)\">\n<div class=\"wp-block-group is-vertical is-content-justification-center is-layout-flex wp-container-core-group-is-layout-838cd1cc wp-block-group-is-layout-flex\" style=\"padding-top:var(--wp--preset--spacing--40);padding-bottom:var(--wp--preset--spacing--50)\"><div class=\"is-default-size wp-block-site-logo\"><a href=\"https:\/\/www.ivosolutions.fr\/\" class=\"custom-logo-link\" rel=\"home\"><img loading=\"lazy\" decoding=\"async\" width=\"829\" height=\"826\" src=\"https:\/\/www.ivosolutions.fr\/wp-content\/uploads\/2025\/11\/cropped-logo-step.jpg.png\" class=\"custom-logo\" alt=\"Step by Step &#8211; Votre ascension commence ici\" srcset=\"https:\/\/www.ivosolutions.fr\/wp-content\/uploads\/2025\/11\/cropped-logo-step.jpg.png 829w, https:\/\/www.ivosolutions.fr\/wp-content\/uploads\/2025\/11\/cropped-logo-step.jpg-300x300.png 300w, https:\/\/www.ivosolutions.fr\/wp-content\/uploads\/2025\/11\/cropped-logo-step.jpg-150x150.png 150w, https:\/\/www.ivosolutions.fr\/wp-content\/uploads\/2025\/11\/cropped-logo-step.jpg-768x765.png 768w, https:\/\/www.ivosolutions.fr\/wp-content\/uploads\/2025\/11\/cropped-logo-step.jpg-105x105.png 105w\" sizes=\"auto, (max-width: 829px) 100vw, 829px\" \/><\/a><\/div>\n\n\n<p class=\"has-text-align-center\">\u00a92025 par Elodie Duthilleul Naturopathe Hygionomiste\ud83c\udd61<\/p>\n\n\n\n<p class=\"has-text-align-center\"> Fondatrice IVO Solution\ud83c\udd61<\/p>\n\n\n\n<p>tous droits r\u00e9serv\u00e9s<\/p>\n\n\n\n<p>SIRET 90425279800023<\/p>\n<\/div>\n<\/div>\n","protected":false},"excerpt":{"rendered":"<p>Naturopathe Hygionomiste\u24c7&#8211;\u00c9ducatrice de Sant\u00e9 Cabinet Bouvesse-Quirieu &amp; Visio 3 \u00c9tapes pour transformer votre VITALIT\u00c9 &#8220;La&nbsp;Naturopathie&nbsp;est un ensemble de m\u00e9thodes de soins visant \u00e0 renforcer les d\u00e9fenses de l&#8217;organisme par des moyens consid\u00e9r\u00e9s comme naturels et biologiques \u00bb. OMS\u00a0(Organisation Mondiale de la Sant\u00e9) D\u00e9couverte Une analyse simple pour comprendre votre biologie unique. Plan d&#8217;Action Votre programme [&hellip;]<\/p>\n","protected":false},"author":1,"featured_media":0,"parent":0,"menu_order":0,"comment_status":"closed","ping_status":"closed","template":"","meta":{"footnotes":""},"class_list":["post-194","page","type-page","status-publish","hentry"],"_links":{"self":[{"href":"https:\/\/www.ivosolutions.fr\/index.php\/wp-json\/wp\/v2\/pages\/194","targetHints":{"allow":["GET"]}}],"collection":[{"href":"https:\/\/www.ivosolutions.fr\/index.php\/wp-json\/wp\/v2\/pages"}],"about":[{"href":"https:\/\/www.ivosolutions.fr\/index.php\/wp-json\/wp\/v2\/types\/page"}],"author":[{"embeddable":true,"href":"https:\/\/www.ivosolutions.fr\/index.php\/wp-json\/wp\/v2\/users\/1"}],"replies":[{"embeddable":true,"href":"https:\/\/www.ivosolutions.fr\/index.php\/wp-json\/wp\/v2\/comments?post=194"}],"version-history":[{"count":9,"href":"https:\/\/www.ivosolutions.fr\/index.php\/wp-json\/wp\/v2\/pages\/194\/revisions"}],"predecessor-version":[{"id":229,"href":"https:\/\/www.ivosolutions.fr\/index.php\/wp-json\/wp\/v2\/pages\/194\/revisions\/229"}],"wp:attachment":[{"href":"https:\/\/www.ivosolutions.fr\/index.php\/wp-json\/wp\/v2\/media?parent=194"}],"curies":[{"name":"wp","href":"https:\/\/api.w.org\/{rel}","templated":true}]}}